{"id":3756,"date":"2023-11-18T01:37:37","date_gmt":"2023-11-18T01:37:37","guid":{"rendered":"https:\/\/demo.oceanthemes.site\/sandbox\/?page_id=3756"},"modified":"2024-10-29T04:49:42","modified_gmt":"2024-10-29T04:49:42","slug":"sign-up","status":"publish","type":"page","link":"https:\/\/quotex.tw\/az\/sign-up\/","title":{"rendered":"Qeydiyyatdan ke\u00e7in"},"content":{"rendered":"<div data-elementor-type=\"wp-page\" data-elementor-id=\"3756\" class=\"elementor elementor-3756\">\n\t\t\t\t\t\t<section class=\"elementor-section elementor-top-section elementor-element elementor-element-858111c elementor-section-boxed elementor-section-height-default elementor-section-height-default\" data-id=\"858111c\" data-element_type=\"section\" data-settings=\"{&quot;background_background&quot;:&quot;classic&quot;}\">\n\t\t\t\t\t\t\t<div class=\"elementor-background-overlay\"><\/div>\n\t\t\t\t\t\t\t<div class=\"elementor-container elementor-column-gap-extended\">\n\t\t\t\t\t<div class=\"elementor-column elementor-col-100 elementor-top-column elementor-element elementor-element-e0b4bd9\" data-id=\"e0b4bd9\" data-element_type=\"column\">\n\t\t\t<div class=\"elementor-widget-wrap elementor-element-populated\">\n\t\t\t\t\t\t<div class=\"elementor-element elementor-element-52ebec6 elementor-widget elementor-widget-heading\" data-id=\"52ebec6\" data-element_type=\"widget\" data-widget_type=\"heading.default\">\n\t\t\t\t<div class=\"elementor-widget-container\">\n\t\t\t\t\t<h2 class=\"elementor-heading-title elementor-size-default\">Qeydiyyatdan ke\u00e7in<\/h2>\t\t\t\t<\/div>\n\t\t\t\t<\/div>\n\t\t\t\t<div class=\"elementor-element elementor-element-1f0e838 elementor-widget elementor-widget-text-editor\" data-id=\"1f0e838\" data-element_type=\"widget\" data-widget_type=\"text-editor.default\">\n\t\t\t\t<div class=\"elementor-widget-container\">\n\t\t\t\t\t\t\t\t\t<p>Bu veb-sayt t\u0259r\u0259find\u0259n t\u0259klif olunan \u0259m\u0259liyyatlar artan risk s\u0259viyy\u0259sin\u0259 malik ola bil\u0259r. Bu veb-saytdan xidm\u0259tl\u0259r v\u0259 al\u0259tl\u0259r almaqla siz \u0259h\u0259miyy\u0259tli itkil\u0259r\u0259 m\u0259ruz qala v\u0259 ya z\u0259man\u0259tli ticar\u0259t hesab\u0131n\u0131zdak\u0131 v\u0259saiti tamamil\u0259 itir\u0259 bil\u0259rsiniz. Ticar\u0259t etm\u0259zd\u0259n \u0259vv\u0259l b\u00fct\u00fcn riskl\u0259ri qiym\u0259tl\u0259ndirin v\u0259 m\u00fcst\u0259qil m\u0259sl\u0259h\u0259t\u00e7i il\u0259 m\u0259sl\u0259h\u0259tl\u0259\u015fin.<\/p>\t\t\t\t\t\t\t\t<\/div>\n\t\t\t\t<\/div>\n\t\t\t\t<div class=\"elementor-element elementor-element-78a3e22 elementor-align-center elementor-widget elementor-widget-ot-btn\" data-id=\"78a3e22\" data-element_type=\"widget\" data-widget_type=\"ot-btn.default\">\n\t\t\t\t<div class=\"elementor-widget-container\">\n\t\t\t\t\t\t\t<div class=\"ot-button-wrapper\">\r\n\t\t\t<a href=\"https:\/\/mylinku.com\/go-home-quotex\" class=\"octf-btn\">\r\n\t\t\t\tQeydiyyata davam edin\t\t\t\t\t\t\t<\/a>\r\n\t    <\/div>\r\n\t    \t\t\t\t<\/div>\n\t\t\t\t<\/div>\n\t\t\t\t\t<\/div>\n\t\t<\/div>\n\t\t\t\t\t<\/div>\n\t\t<\/section>\n\t\t\t\t<\/div>","protected":false},"excerpt":{"rendered":"<p>Sign Up Operations offered by this website may have an increased level of risk. By purchasing services and tools from this website, you can suffer significant losses or completely lose the funds from your guaranteed trading account. Please evaluate all risks and consult with an independent adviser before trading.<\/p>","protected":false},"author":1,"featured_media":0,"parent":0,"menu_order":0,"comment_status":"closed","ping_status":"closed","template":"","meta":{"footnotes":""},"class_list":["post-3756","page","type-page","status-publish","hentry"],"yoast_head":"<!-- This site is optimized with the Yoast SEO plugin v26.8 - https:\/\/yoast.com\/product\/yoast-seo-wordpress\/ -->\n<title>Sign Up<\/title>\n<meta name=\"description\" content=\"Register to start trading with the quotex platform\" \/>\n<meta name=\"robots\" content=\"index, follow, max-snippet:-1, max-image-preview:large, max-video-preview:-1\" \/>\n<link rel=\"canonical\" href=\"https:\/\/quotex.tw\/az\/sign-up\/\" \/>\n<meta property=\"og:locale\" content=\"az_AZ\" \/>\n<meta property=\"og:type\" content=\"article\" \/>\n<meta property=\"og:title\" content=\"Sign Up\" \/>\n<meta property=\"og:description\" content=\"Register to start trading with the quotex platform\" \/>\n<meta property=\"og:url\" content=\"https:\/\/quotex.tw\/az\/sign-up\/\" \/>\n<meta property=\"og:site_name\" content=\"Quotex\" \/>\n<meta property=\"article:publisher\" content=\"https:\/\/www.facebook.com\/quotexio\/\" \/>\n<meta property=\"article:modified_time\" content=\"2024-10-29T04:49:42+00:00\" \/>\n<meta name=\"twitter:card\" content=\"summary_large_image\" \/>\n<meta name=\"twitter:site\" content=\"@quotex_platform\" \/>\n<meta name=\"twitter:label1\" content=\"Est. reading time\" \/>\n\t<meta name=\"twitter:data1\" content=\"1 minute\" \/>\n<script type=\"application\/ld+json\" class=\"yoast-schema-graph\">{\"@context\":\"https:\/\/schema.org\",\"@graph\":[{\"@type\":\"WebPage\",\"@id\":\"https:\/\/quotex.tw\/sign-up\/\",\"url\":\"https:\/\/quotex.tw\/sign-up\/\",\"name\":\"Sign Up\",\"isPartOf\":{\"@id\":\"https:\/\/quotex.tw\/#website\"},\"datePublished\":\"2023-11-18T01:37:37+00:00\",\"dateModified\":\"2024-10-29T04:49:42+00:00\",\"description\":\"Register to start trading with the quotex platform\",\"breadcrumb\":{\"@id\":\"https:\/\/quotex.tw\/sign-up\/#breadcrumb\"},\"inLanguage\":\"az\",\"potentialAction\":[{\"@type\":\"ReadAction\",\"target\":[\"https:\/\/quotex.tw\/sign-up\/\"]}]},{\"@type\":\"BreadcrumbList\",\"@id\":\"https:\/\/quotex.tw\/sign-up\/#breadcrumb\",\"itemListElement\":[{\"@type\":\"ListItem\",\"position\":1,\"name\":\"Home\",\"item\":\"https:\/\/quotex.tw\/\"},{\"@type\":\"ListItem\",\"position\":2,\"name\":\"Sign Up\"}]},{\"@type\":\"WebSite\",\"@id\":\"https:\/\/quotex.tw\/#website\",\"url\":\"https:\/\/quotex.tw\/\",\"name\":\"Quotex\",\"description\":\"Innovative platform for online investment\",\"publisher\":{\"@id\":\"https:\/\/quotex.tw\/#organization\"},\"potentialAction\":[{\"@type\":\"SearchAction\",\"target\":{\"@type\":\"EntryPoint\",\"urlTemplate\":\"https:\/\/quotex.tw\/?s={search_term_string}\"},\"query-input\":{\"@type\":\"PropertyValueSpecification\",\"valueRequired\":true,\"valueName\":\"search_term_string\"}}],\"inLanguage\":\"az\"},{\"@type\":\"Organization\",\"@id\":\"https:\/\/quotex.tw\/#organization\",\"name\":\"Quotex\",\"url\":\"https:\/\/quotex.tw\/\",\"logo\":{\"@type\":\"ImageObject\",\"inLanguage\":\"az\",\"@id\":\"https:\/\/quotex.tw\/#\/schema\/logo\/image\/\",\"url\":\"https:\/\/quotex.tw\/wp-content\/uploads\/2023\/03\/logo-favicon-web.png\",\"contentUrl\":\"https:\/\/quotex.tw\/wp-content\/uploads\/2023\/03\/logo-favicon-web.png\",\"width\":512,\"height\":512,\"caption\":\"Quotex\"},\"image\":{\"@id\":\"https:\/\/quotex.tw\/#\/schema\/logo\/image\/\"},\"sameAs\":[\"https:\/\/www.facebook.com\/quotexio\/\",\"https:\/\/x.com\/quotex_platform\",\"https:\/\/www.instagram.com\/quotex_io\/\"]}]}<\/script>\n<!-- \/ Yoast SEO plugin. -->","yoast_head_json":{"title":"Sign Up","description":"Register to start trading with the quotex platform","robots":{"index":"index","follow":"follow","max-snippet":"max-snippet:-1","max-image-preview":"max-image-preview:large","max-video-preview":"max-video-preview:-1"},"canonical":"https:\/\/quotex.tw\/az\/sign-up\/","og_locale":"az_AZ","og_type":"article","og_title":"Sign Up","og_description":"Register to start trading with the quotex platform","og_url":"https:\/\/quotex.tw\/az\/sign-up\/","og_site_name":"Quotex","article_publisher":"https:\/\/www.facebook.com\/quotexio\/","article_modified_time":"2024-10-29T04:49:42+00:00","twitter_card":"summary_large_image","twitter_site":"@quotex_platform","twitter_misc":{"Est. reading time":"1 minute"},"schema":{"@context":"https:\/\/schema.org","@graph":[{"@type":"WebPage","@id":"https:\/\/quotex.tw\/sign-up\/","url":"https:\/\/quotex.tw\/sign-up\/","name":"Sign Up","isPartOf":{"@id":"https:\/\/quotex.tw\/#website"},"datePublished":"2023-11-18T01:37:37+00:00","dateModified":"2024-10-29T04:49:42+00:00","description":"Register to start trading with the quotex platform","breadcrumb":{"@id":"https:\/\/quotex.tw\/sign-up\/#breadcrumb"},"inLanguage":"az","potentialAction":[{"@type":"ReadAction","target":["https:\/\/quotex.tw\/sign-up\/"]}]},{"@type":"BreadcrumbList","@id":"https:\/\/quotex.tw\/sign-up\/#breadcrumb","itemListElement":[{"@type":"ListItem","position":1,"name":"Home","item":"https:\/\/quotex.tw\/"},{"@type":"ListItem","position":2,"name":"Sign Up"}]},{"@type":"WebSite","@id":"https:\/\/quotex.tw\/#website","url":"https:\/\/quotex.tw\/","name":"Quotex","description":"Innovative platform for online investment","publisher":{"@id":"https:\/\/quotex.tw\/#organization"},"potentialAction":[{"@type":"SearchAction","target":{"@type":"EntryPoint","urlTemplate":"https:\/\/quotex.tw\/?s={search_term_string}"},"query-input":{"@type":"PropertyValueSpecification","valueRequired":true,"valueName":"search_term_string"}}],"inLanguage":"az"},{"@type":"Organization","@id":"https:\/\/quotex.tw\/#organization","name":"Quotex","url":"https:\/\/quotex.tw\/","logo":{"@type":"ImageObject","inLanguage":"az","@id":"https:\/\/quotex.tw\/#\/schema\/logo\/image\/","url":"https:\/\/quotex.tw\/wp-content\/uploads\/2023\/03\/logo-favicon-web.png","contentUrl":"https:\/\/quotex.tw\/wp-content\/uploads\/2023\/03\/logo-favicon-web.png","width":512,"height":512,"caption":"Quotex"},"image":{"@id":"https:\/\/quotex.tw\/#\/schema\/logo\/image\/"},"sameAs":["https:\/\/www.facebook.com\/quotexio\/","https:\/\/x.com\/quotex_platform","https:\/\/www.instagram.com\/quotex_io\/"]}]}},"_links":{"self":[{"href":"https:\/\/quotex.tw\/az\/wp-json\/wp\/v2\/pages\/3756","targetHints":{"allow":["GET"]}}],"collection":[{"href":"https:\/\/quotex.tw\/az\/wp-json\/wp\/v2\/pages"}],"about":[{"href":"https:\/\/quotex.tw\/az\/wp-json\/wp\/v2\/types\/page"}],"author":[{"embeddable":true,"href":"https:\/\/quotex.tw\/az\/wp-json\/wp\/v2\/users\/1"}],"replies":[{"embeddable":true,"href":"https:\/\/quotex.tw\/az\/wp-json\/wp\/v2\/comments?post=3756"}],"version-history":[{"count":3,"href":"https:\/\/quotex.tw\/az\/wp-json\/wp\/v2\/pages\/3756\/revisions"}],"predecessor-version":[{"id":15197,"href":"https:\/\/quotex.tw\/az\/wp-json\/wp\/v2\/pages\/3756\/revisions\/15197"}],"wp:attachment":[{"href":"https:\/\/quotex.tw\/az\/wp-json\/wp\/v2\/media?parent=3756"}],"curies":[{"name":"wp","href":"https:\/\/api.w.org\/{rel}","templated":true}]}}